{"id":1962,"date":"2020-12-17T13:37:03","date_gmt":"2020-12-17T13:37:03","guid":{"rendered":"https:\/\/temp.dakira.se\/?page_id=1962"},"modified":"2020-12-17T14:24:15","modified_gmt":"2020-12-17T14:24:15","slug":"dorrar","status":"publish","type":"page","link":"https:\/\/temp.dakira.se\/?page_id=1962","title":{"rendered":"D\u00f6rrar"},"content":{"rendered":"\t\t<div data-elementor-type=\"wp-page\" data-elementor-id=\"1962\" class=\"elementor elementor-1962\" data-elementor-settings=\"[]\">\n\t\t\t\t\t\t<div class=\"elementor-inner\">\n\t\t\t\t\t\t\t<div class=\"elementor-section-wrap\">\n\t\t\t\t\t\t\t<section class=\"elementor-section elementor-top-section elementor-element elementor-element-714e1fd elementor-section-boxed elementor-section-height-default elementor-section-height-default\" data-id=\"714e1fd\" data-element_type=\"section\">\n\t\t\t\t\t\t<div class=\"elementor-container elementor-column-gap-default\">\n\t\t\t\t\t\t\t<div class=\"elementor-row\">\n\t\t\t\t\t<div class=\"elementor-column elementor-col-100 elementor-top-column elementor-element elementor-element-8357281\" data-id=\"8357281\" data-element_type=\"column\">\n\t\t\t<div class=\"elementor-column-wrap elementor-element-populated\">\n\t\t\t\t\t\t\t<div class=\"elementor-widget-wrap\">\n\t\t\t\t\t\t<div class=\"elementor-element elementor-element-a8c4b2b elementor-arrows-position-inside elementor-pagination-position-outside elementor-widget elementor-widget-image-carousel\" data-id=\"a8c4b2b\" data-element_type=\"widget\" data-settings=\"{&quot;autoplay_speed&quot;:3000,&quot;navigation&quot;:&quot;both&quot;,&quot;autoplay&quot;:&quot;yes&quot;,&quot;pause_on_hover&quot;:&quot;yes&quot;,&quot;pause_on_interaction&quot;:&quot;yes&quot;,&quot;infinite&quot;:&quot;yes&quot;,&quot;speed&quot;:500}\" data-widget_type=\"image-carousel.default\">\n\t\t\t\t<div class=\"elementor-widget-container\">\n\t\t\t\t\t<div class=\"elementor-image-carousel-wrapper swiper-container\" dir=\"ltr\">\n\t\t\t<div class=\"elementor-image-carousel swiper-wrapper\">\n\t\t\t\t<div class=\"swiper-slide\"><figure class=\"swiper-slide-inner\"><img class=\"swiper-slide-image\" src=\"https:\/\/temp.dakira.se\/wp-content\/uploads\/2020\/12\/soprumsdorr.jpg\" alt=\"soprumsdorr\" \/><\/figure><\/div><div class=\"swiper-slide\"><figure class=\"swiper-slide-inner\"><img class=\"swiper-slide-image\" src=\"https:\/\/temp.dakira.se\/wp-content\/uploads\/2020\/12\/kallardorr.jpg\" alt=\"kallardorr\" \/><\/figure><\/div><div class=\"swiper-slide\"><figure class=\"swiper-slide-inner\"><img class=\"swiper-slide-image\" src=\"https:\/\/temp.dakira.se\/wp-content\/uploads\/2020\/12\/branddorr-30.jpg\" alt=\"branddorr-30\" \/><\/figure><\/div><div class=\"swiper-slide\"><figure class=\"swiper-slide-inner\"><img class=\"swiper-slide-image\" src=\"https:\/\/temp.dakira.se\/wp-content\/uploads\/2020\/12\/branddorr-utrymningsdorr.jpg\" alt=\"branddorr-utrymningsdorr\" \/><\/figure><\/div><div class=\"swiper-slide\"><figure class=\"swiper-slide-inner\"><img class=\"swiper-slide-image\" src=\"https:\/\/temp.dakira.se\/wp-content\/uploads\/2020\/12\/Robust-branddorr-invandig-1.jpg\" alt=\"Robust branddorr-invandig\" \/><\/figure><\/div><div class=\"swiper-slide\"><figure class=\"swiper-slide-inner\"><img class=\"swiper-slide-image\" src=\"https:\/\/temp.dakira.se\/wp-content\/uploads\/2020\/12\/skalskyddsdorr.jpg\" alt=\"skalskyddsdorr\" \/><\/figure><\/div><div class=\"swiper-slide\"><figure class=\"swiper-slide-inner\"><img class=\"swiper-slide-image\" src=\"https:\/\/temp.dakira.se\/wp-content\/uploads\/2020\/12\/industriportar.jpg\" alt=\"industriportar\" \/><\/figure><\/div><div class=\"swiper-slide\"><figure class=\"swiper-slide-inner\"><img class=\"swiper-slide-image\" src=\"https:\/\/temp.dakira.se\/wp-content\/uploads\/2020\/12\/glaspartier.jpg\" alt=\"glaspartier\" \/><\/figure><\/div><div class=\"swiper-slide\"><figure class=\"swiper-slide-inner\"><img class=\"swiper-slide-image\" src=\"https:\/\/temp.dakira.se\/wp-content\/uploads\/2020\/12\/entretak.jpg\" alt=\"entretak\" \/><\/figure><\/div><div class=\"swiper-slide\"><figure class=\"swiper-slide-inner\"><img class=\"swiper-slide-image\" src=\"https:\/\/temp.dakira.se\/wp-content\/uploads\/2020\/12\/sidoljus.jpg\" alt=\"sidoljus\" \/><\/figure><\/div><div class=\"swiper-slide\"><figure class=\"swiper-slide-inner\"><img class=\"swiper-slide-image\" src=\"https:\/\/temp.dakira.se\/wp-content\/uploads\/2020\/12\/Garagedo\u0308rr.jpg\" alt=\"Garagedo\u0308rr\" \/><\/figure><\/div>\t\t\t<\/div>\n\t\t\t\t\t\t\t\t\t\t\t\t<div class=\"swiper-pagination\"><\/div>\n\t\t\t\t\t\t\t\t\t\t\t\t\t<div class=\"elementor-swiper-button elementor-swiper-button-prev\">\n\t\t\t\t\t\t<i class=\"eicon-chevron-left\" aria-hidden=\"true\"><\/i>\n\t\t\t\t\t\t<span class=\"elementor-screen-only\">F\u00f6reg\u00e5ende<\/span>\n\t\t\t\t\t<\/div>\n\t\t\t\t\t<div class=\"elementor-swiper-button elementor-swiper-button-next\">\n\t\t\t\t\t\t<i class=\"eicon-chevron-right\" aria-hidden=\"true\"><\/i>\n\t\t\t\t\t\t<span class=\"elementor-screen-only\">N\u00e4sta<\/span>\n\t\t\t\t\t<\/div>\n\t\t\t\t\t\t\t\t\t<\/div>\n\t\t\t\t<\/div>\n\t\t\t\t<\/div>\n\t\t\t\t\t\t<\/div>\n\t\t\t\t\t<\/div>\n\t\t<\/div>\n\t\t\t\t\t\t\t\t<\/div>\n\t\t\t\t\t<\/div>\n\t\t<\/section>\n\t\t\t\t<section class=\"elementor-section elementor-top-section elementor-element elementor-element-5e71dc9 elementor-section-boxed elementor-section-height-default elementor-section-height-default\" data-id=\"5e71dc9\" data-element_type=\"section\">\n\t\t\t\t\t\t<div class=\"elementor-container elementor-column-gap-default\">\n\t\t\t\t\t\t\t<div class=\"elementor-row\">\n\t\t\t\t\t<div class=\"elementor-column elementor-col-100 elementor-top-column elementor-element elementor-element-dcfc062\" data-id=\"dcfc062\" data-element_type=\"column\">\n\t\t\t<div class=\"elementor-column-wrap\">\n\t\t\t\t\t\t\t<div class=\"elementor-widget-wrap\">\n\t\t\t\t\t\t\t\t<\/div>\n\t\t\t\t\t<\/div>\n\t\t<\/div>\n\t\t\t\t\t\t\t\t<\/div>\n\t\t\t\t\t<\/div>\n\t\t<\/section>\n\t\t\t\t<section class=\"elementor-section elementor-top-section elementor-element elementor-element-ce2e726 elementor-section-boxed elementor-section-height-default elementor-section-height-default\" data-id=\"ce2e726\" data-element_type=\"section\">\n\t\t\t\t\t\t\t<div class=\"elementor-background-overlay\"><\/div>\n\t\t\t\t\t\t\t<div class=\"elementor-container elementor-column-gap-default\">\n\t\t\t\t\t\t\t<div class=\"elementor-row\">\n\t\t\t\t\t<div class=\"elementor-column elementor-col-100 elementor-top-column elementor-element elementor-element-8f6bfde\" data-id=\"8f6bfde\" data-element_type=\"column\">\n\t\t\t<div class=\"elementor-column-wrap elementor-element-populated\">\n\t\t\t\t\t\t\t<div class=\"elementor-widget-wrap\">\n\t\t\t\t\t\t<section class=\"elementor-section elementor-inner-section elementor-element elementor-element-1a6d2ab elementor-section-boxed elementor-section-height-default elementor-section-height-default\" data-id=\"1a6d2ab\" data-element_type=\"section\">\n\t\t\t\t\t\t<div class=\"elementor-container elementor-column-gap-default\">\n\t\t\t\t\t\t\t<div class=\"elementor-row\">\n\t\t\t\t\t<div class=\"elementor-column elementor-col-25 elementor-inner-column elementor-element elementor-element-87a628f\" data-id=\"87a628f\" data-element_type=\"column\">\n\t\t\t<div class=\"elementor-column-wrap elementor-element-populated\">\n\t\t\t\t\t\t\t<div class=\"elementor-widget-wrap\">\n\t\t\t\t\t\t<div class=\"elementor-element elementor-element-fd413d9 elementor-widget elementor-widget-image\" data-id=\"fd413d9\" data-element_type=\"widget\" data-widget_type=\"image.default\">\n\t\t\t\t<div class=\"elementor-widget-container\">\n\t\t\t\t\t<div class=\"elementor-image\">\n\t\t\t\t\t\t\t\t\t\t<img width=\"150\" height=\"150\" src=\"https:\/\/temp.dakira.se\/wp-content\/uploads\/2020\/12\/Robust-branddorr-invandig-150x150.jpg\" class=\"attachment-thumbnail size-thumbnail\" alt=\"\" loading=\"lazy\" srcset=\"https:\/\/temp.dakira.se\/wp-content\/uploads\/2020\/12\/Robust-branddorr-invandig-e1608198473639.jpg 150w, https:\/\/temp.dakira.se\/wp-content\/uploads\/2020\/12\/Robust-branddorr-invandig-300x300.jpg 300w, https:\/\/temp.dakira.se\/wp-content\/uploads\/2020\/12\/Robust-branddorr-invandig-230x230.jpg 230w, https:\/\/temp.dakira.se\/wp-content\/uploads\/2020\/12\/Robust-branddorr-invandig-350x350.jpg 350w, https:\/\/temp.dakira.se\/wp-content\/uploads\/2020\/12\/Robust-branddorr-invandig-480x480.jpg 480w\" sizes=\"(max-width: 150px) 100vw, 150px\" \/>\t\t\t\t\t\t\t\t\t\t\t<\/div>\n\t\t\t\t<\/div>\n\t\t\t\t<\/div>\n\t\t\t\t<div class=\"elementor-element elementor-element-fe53570 elementor-widget elementor-widget-image\" data-id=\"fe53570\" data-element_type=\"widget\" data-widget_type=\"image.default\">\n\t\t\t\t<div class=\"elementor-widget-container\">\n\t\t\t\t\t<div class=\"elementor-image\">\n\t\t\t\t\t\t\t<figure class=\"wp-caption\">\n\t\t\t\t\t\t\t\t\t\t<img width=\"300\" height=\"78\" src=\"https:\/\/temp.dakira.se\/wp-content\/uploads\/2020\/12\/logo-robust-300x78.png\" class=\"attachment-medium size-medium\" alt=\"\" loading=\"lazy\" srcset=\"https:\/\/temp.dakira.se\/wp-content\/uploads\/2020\/12\/logo-robust-300x78.png 300w, https:\/\/temp.dakira.se\/wp-content\/uploads\/2020\/12\/logo-robust-1024x265.png 1024w, https:\/\/temp.dakira.se\/wp-content\/uploads\/2020\/12\/logo-robust-768x198.png 768w, https:\/\/temp.dakira.se\/wp-content\/uploads\/2020\/12\/logo-robust-830x214.png 830w, https:\/\/temp.dakira.se\/wp-content\/uploads\/2020\/12\/logo-robust-230x59.png 230w, https:\/\/temp.dakira.se\/wp-content\/uploads\/2020\/12\/logo-robust-350x90.png 350w, https:\/\/temp.dakira.se\/wp-content\/uploads\/2020\/12\/logo-robust-480x124.png 480w, https:\/\/temp.dakira.se\/wp-content\/uploads\/2020\/12\/logo-robust.png 1072w\" sizes=\"(max-width: 300px) 100vw, 300px\" \/>\t\t\t\t\t\t\t\t\t\t\t<figcaption class=\"widget-image-caption wp-caption-text\">Robust St\u00e5ld\u00f6rrar<\/figcaption>\n\t\t\t\t\t\t\t\t\t\t<\/figure>\n\t\t\t\t\t<\/div>\n\t\t\t\t<\/div>\n\t\t\t\t<\/div>\n\t\t\t\t\t\t<\/div>\n\t\t\t\t\t<\/div>\n\t\t<\/div>\n\t\t\t\t<div class=\"elementor-column elementor-col-25 elementor-inner-column elementor-element elementor-element-a6e962e\" data-id=\"a6e962e\" data-element_type=\"column\">\n\t\t\t<div class=\"elementor-column-wrap elementor-element-populated\">\n\t\t\t\t\t\t\t<div class=\"elementor-widget-wrap\">\n\t\t\t\t\t\t<div class=\"elementor-element elementor-element-f6bf8f3 elementor-widget elementor-widget-image\" data-id=\"f6bf8f3\" data-element_type=\"widget\" data-widget_type=\"image.default\">\n\t\t\t\t<div class=\"elementor-widget-container\">\n\t\t\t\t\t<div class=\"elementor-image\">\n\t\t\t\t\t\t\t\t\t\t<img width=\"124\" height=\"150\" src=\"https:\/\/temp.dakira.se\/wp-content\/uploads\/2020\/12\/Innerdo\u0308rr-Ekoddoor-124x150.jpg\" class=\"attachment-thumbnail size-thumbnail\" alt=\"\" loading=\"lazy\" \/>\t\t\t\t\t\t\t\t\t\t\t<\/div>\n\t\t\t\t<\/div>\n\t\t\t\t<\/div>\n\t\t\t\t<div class=\"elementor-element elementor-element-8a933db elementor-widget elementor-widget-image\" data-id=\"8a933db\" data-element_type=\"widget\" data-widget_type=\"image.default\">\n\t\t\t\t<div class=\"elementor-widget-container\">\n\t\t\t\t\t<div class=\"elementor-image\">\n\t\t\t\t\t\t\t<figure class=\"wp-caption\">\n\t\t\t\t\t\t\t\t\t\t<img width=\"300\" height=\"86\" src=\"https:\/\/temp.dakira.se\/wp-content\/uploads\/2020\/12\/Dieden-ekodoor_logo2020_pos_rgb-300x86.png\" class=\"attachment-medium size-medium\" alt=\"\" loading=\"lazy\" srcset=\"https:\/\/temp.dakira.se\/wp-content\/uploads\/2020\/12\/Dieden-ekodoor_logo2020_pos_rgb-300x86.png 300w, https:\/\/temp.dakira.se\/wp-content\/uploads\/2020\/12\/Dieden-ekodoor_logo2020_pos_rgb-768x220.png 768w, https:\/\/temp.dakira.se\/wp-content\/uploads\/2020\/12\/Dieden-ekodoor_logo2020_pos_rgb-230x66.png 230w, https:\/\/temp.dakira.se\/wp-content\/uploads\/2020\/12\/Dieden-ekodoor_logo2020_pos_rgb-350x100.png 350w, https:\/\/temp.dakira.se\/wp-content\/uploads\/2020\/12\/Dieden-ekodoor_logo2020_pos_rgb-480x137.png 480w, https:\/\/temp.dakira.se\/wp-content\/uploads\/2020\/12\/Dieden-ekodoor_logo2020_pos_rgb.png 800w\" sizes=\"(max-width: 300px) 100vw, 300px\" \/>\t\t\t\t\t\t\t\t\t\t\t<figcaption class=\"widget-image-caption wp-caption-text\">Ecodoor<\/figcaption>\n\t\t\t\t\t\t\t\t\t\t<\/figure>\n\t\t\t\t\t<\/div>\n\t\t\t\t<\/div>\n\t\t\t\t<\/div>\n\t\t\t\t\t\t<\/div>\n\t\t\t\t\t<\/div>\n\t\t<\/div>\n\t\t\t\t<div class=\"elementor-column elementor-col-25 elementor-inner-column elementor-element elementor-element-1d284c0\" data-id=\"1d284c0\" data-element_type=\"column\">\n\t\t\t<div class=\"elementor-column-wrap\">\n\t\t\t\t\t\t\t<div class=\"elementor-widget-wrap\">\n\t\t\t\t\t\t\t\t<\/div>\n\t\t\t\t\t<\/div>\n\t\t<\/div>\n\t\t\t\t<div class=\"elementor-column elementor-col-25 elementor-inner-column elementor-element elementor-element-1b9314c\" data-id=\"1b9314c\" data-element_type=\"column\" data-settings=\"{&quot;background_background&quot;:&quot;classic&quot;}\">\n\t\t\t<div class=\"elementor-column-wrap\">\n\t\t\t\t\t<div class=\"elementor-background-overlay\"><\/div>\n\t\t\t\t\t\t\t<div class=\"elementor-widget-wrap\">\n\t\t\t\t\t\t\t\t<\/div>\n\t\t\t\t\t<\/div>\n\t\t<\/div>\n\t\t\t\t\t\t\t\t<\/div>\n\t\t\t\t\t<\/div>\n\t\t<\/section>\n\t\t\t\t\t\t<\/div>\n\t\t\t\t\t<\/div>\n\t\t<\/div>\n\t\t\t\t\t\t\t\t<\/div>\n\t\t\t\t\t<\/div>\n\t\t<\/section>\n\t\t\t\t\t\t<\/div>\n\t\t\t\t\t\t<\/div>\n\t\t\t\t\t<\/div>\n\t\t","protected":false},"excerpt":{"rendered":"<p>F\u00f6reg\u00e5ende N\u00e4sta Robust St\u00e5ld\u00f6rrar Ecodoor<\/p>\n","protected":false},"author":1,"featured_media":0,"parent":0,"menu_order":0,"comment_status":"closed","ping_status":"closed","template":"page-templates\/page_fullwidth.php","meta":[],"_links":{"self":[{"href":"https:\/\/temp.dakira.se\/index.php?rest_route=\/wp\/v2\/pages\/1962"}],"collection":[{"href":"https:\/\/temp.dakira.se\/index.php?rest_route=\/wp\/v2\/pages"}],"about":[{"href":"https:\/\/temp.dakira.se\/index.php?rest_route=\/wp\/v2\/types\/page"}],"author":[{"embeddable":true,"href":"https:\/\/temp.dakira.se\/index.php?rest_route=\/wp\/v2\/users\/1"}],"replies":[{"embeddable":true,"href":"https:\/\/temp.dakira.se\/index.php?rest_route=%2Fwp%2Fv2%2Fcomments&post=1962"}],"version-history":[{"count":16,"href":"https:\/\/temp.dakira.se\/index.php?rest_route=\/wp\/v2\/pages\/1962\/revisions"}],"predecessor-version":[{"id":2051,"href":"https:\/\/temp.dakira.se\/index.php?rest_route=\/wp\/v2\/pages\/1962\/revisions\/2051"}],"wp:attachment":[{"href":"https:\/\/temp.dakira.se\/index.php?rest_route=%2Fwp%2Fv2%2Fmedia&parent=1962"}],"curies":[{"name":"wp","href":"https:\/\/api.w.org\/{rel}","templated":true}]}}