{"id":1209,"date":"2020-12-12T09:13:18","date_gmt":"2020-12-12T09:13:18","guid":{"rendered":"https:\/\/temp.dakira.se\/?page_id=1209"},"modified":"2020-12-17T14:09:54","modified_gmt":"2020-12-17T14:09:54","slug":"luslisten","status":"publish","type":"page","link":"https:\/\/temp.dakira.se\/?page_id=1209","title":{"rendered":"Lister"},"content":{"rendered":"\t\t<div data-elementor-type=\"wp-page\" data-elementor-id=\"1209\" class=\"elementor elementor-1209\" data-elementor-settings=\"[]\">\n\t\t\t\t\t\t<div class=\"elementor-inner\">\n\t\t\t\t\t\t\t<div class=\"elementor-section-wrap\">\n\t\t\t\t\t\t\t<section class=\"elementor-section elementor-top-section elementor-element elementor-element-2144269 elementor-section-boxed elementor-section-height-default elementor-section-height-default\" data-id=\"2144269\" data-element_type=\"section\">\n\t\t\t\t\t\t<div class=\"elementor-container elementor-column-gap-default\">\n\t\t\t\t\t\t\t<div class=\"elementor-row\">\n\t\t\t\t\t<div class=\"elementor-column elementor-col-100 elementor-top-column elementor-element elementor-element-0e25fc4\" data-id=\"0e25fc4\" data-element_type=\"column\">\n\t\t\t<div class=\"elementor-column-wrap elementor-element-populated\">\n\t\t\t\t\t\t\t<div class=\"elementor-widget-wrap\">\n\t\t\t\t\t\t<div class=\"elementor-element elementor-element-5abc30e elementor-widget elementor-widget-heading\" data-id=\"5abc30e\" data-element_type=\"widget\" data-widget_type=\"heading.default\">\n\t\t\t\t<div class=\"elementor-widget-container\">\n\t\t\t<h2 class=\"elementor-heading-title elementor-size-default\">Lister<\/h2>\t\t<\/div>\n\t\t\t\t<\/div>\n\t\t\t\t\t\t<\/div>\n\t\t\t\t\t<\/div>\n\t\t<\/div>\n\t\t\t\t\t\t\t\t<\/div>\n\t\t\t\t\t<\/div>\n\t\t<\/section>\n\t\t\t\t<section class=\"elementor-section elementor-top-section elementor-element elementor-element-d13389c elementor-section-boxed elementor-section-height-default elementor-section-height-default\" data-id=\"d13389c\" data-element_type=\"section\">\n\t\t\t\t\t\t<div class=\"elementor-container elementor-column-gap-default\">\n\t\t\t\t\t\t\t<div class=\"elementor-row\">\n\t\t\t\t\t<div class=\"elementor-column elementor-col-100 elementor-top-column elementor-element elementor-element-c23c3aa\" data-id=\"c23c3aa\" data-element_type=\"column\">\n\t\t\t<div class=\"elementor-column-wrap elementor-element-populated\">\n\t\t\t\t\t\t\t<div class=\"elementor-widget-wrap\">\n\t\t\t\t\t\t<div class=\"elementor-element elementor-element-87144f2 elementor-widget elementor-widget-text-editor\" data-id=\"87144f2\" data-element_type=\"widget\" data-widget_type=\"text-editor.default\">\n\t\t\t\t<div class=\"elementor-widget-container\">\n\t\t\t\t\t<div class=\"elementor-text-editor elementor-clearfix\"><p class=\"p1\">Lister, k\u00f6k och badrum \u00e4r oftast det som syns, det \u00e4r v\u00e4ldigt s\u00e4llan en boende ser hur v\u00e4ggen \u00e4r uppbyggd, d\u00e4rf\u00f6r blir just detaljarbetet med listverk extra viktigt d\u00e5 det \u00e4r detaljerna som g\u00f6r helheten.<\/p><p class=\"p1\">Att vi dessutom monterar fler antal meter per arbetsdag med en h\u00f6gre noggrannhet blir b\u00e5de billigare och mer effektivt f\u00f6r entrepren\u00f6ren.<\/p><\/div>\n\t\t\t\t<\/div>\n\t\t\t\t<\/div>\n\t\t\t\t<section class=\"elementor-section elementor-inner-section elementor-element elementor-element-958c335 elementor-section-boxed elementor-section-height-default elementor-section-height-default\" data-id=\"958c335\" data-element_type=\"section\">\n\t\t\t\t\t\t<div class=\"elementor-container elementor-column-gap-default\">\n\t\t\t\t\t\t\t<div class=\"elementor-row\">\n\t\t\t\t\t<div class=\"elementor-column elementor-col-25 elementor-inner-column elementor-element elementor-element-d6f9307\" data-id=\"d6f9307\" data-element_type=\"column\">\n\t\t\t<div class=\"elementor-column-wrap elementor-element-populated\">\n\t\t\t\t\t\t\t<div class=\"elementor-widget-wrap\">\n\t\t\t\t\t\t<div class=\"elementor-element elementor-element-89086b9 elementor-widget elementor-widget-image\" data-id=\"89086b9\" data-element_type=\"widget\" data-widget_type=\"image.default\">\n\t\t\t\t<div class=\"elementor-widget-container\">\n\t\t\t\t\t<div class=\"elementor-image\">\n\t\t\t\t\t\t\t<figure class=\"wp-caption\">\n\t\t\t\t\t\t\t\t\t\t<img width=\"150\" height=\"150\" src=\"https:\/\/temp.dakira.se\/wp-content\/uploads\/2020\/12\/Truppmontage-Luslist-e1607886857277-150x150.png\" class=\"attachment-thumbnail size-thumbnail\" alt=\"\" loading=\"lazy\" \/>\t\t\t\t\t\t\t\t\t\t\t<figcaption class=\"widget-image-caption wp-caption-text\">Luslisten<\/figcaption>\n\t\t\t\t\t\t\t\t\t\t<\/figure>\n\t\t\t\t\t<\/div>\n\t\t\t\t<\/div>\n\t\t\t\t<\/div>\n\t\t\t\t\t\t<\/div>\n\t\t\t\t\t<\/div>\n\t\t<\/div>\n\t\t\t\t<div class=\"elementor-column elementor-col-25 elementor-inner-column elementor-element elementor-element-e1464f7\" data-id=\"e1464f7\" data-element_type=\"column\">\n\t\t\t<div class=\"elementor-column-wrap elementor-element-populated\">\n\t\t\t\t\t\t\t<div class=\"elementor-widget-wrap\">\n\t\t\t\t\t\t<div class=\"elementor-element elementor-element-007dd6d elementor-widget elementor-widget-image\" data-id=\"007dd6d\" data-element_type=\"widget\" data-widget_type=\"image.default\">\n\t\t\t\t<div class=\"elementor-widget-container\">\n\t\t\t\t\t<div class=\"elementor-image\">\n\t\t\t\t\t\t\t<figure class=\"wp-caption\">\n\t\t\t\t\t\t\t\t\t\t<img width=\"150\" height=\"150\" src=\"https:\/\/temp.dakira.se\/wp-content\/uploads\/2020\/12\/List1-150x150.jpg\" class=\"attachment-thumbnail size-thumbnail\" alt=\"\" loading=\"lazy\" \/>\t\t\t\t\t\t\t\t\t\t\t<figcaption class=\"widget-image-caption wp-caption-text\">ROT-listen<\/figcaption>\n\t\t\t\t\t\t\t\t\t\t<\/figure>\n\t\t\t\t\t<\/div>\n\t\t\t\t<\/div>\n\t\t\t\t<\/div>\n\t\t\t\t\t\t<\/div>\n\t\t\t\t\t<\/div>\n\t\t<\/div>\n\t\t\t\t<div class=\"elementor-column elementor-col-25 elementor-inner-column elementor-element elementor-element-bdd4a2b\" data-id=\"bdd4a2b\" data-element_type=\"column\">\n\t\t\t<div class=\"elementor-column-wrap elementor-element-populated\">\n\t\t\t\t\t\t\t<div class=\"elementor-widget-wrap\">\n\t\t\t\t\t\t<div class=\"elementor-element elementor-element-43fc17f elementor-widget elementor-widget-image\" data-id=\"43fc17f\" data-element_type=\"widget\" data-widget_type=\"image.default\">\n\t\t\t\t<div class=\"elementor-widget-container\">\n\t\t\t\t\t<div class=\"elementor-image\">\n\t\t\t\t\t\t\t<figure class=\"wp-caption\">\n\t\t\t\t\t\t\t\t\t\t\t<a href=\"https:\/\/temp.dakira.se\/?page_id=1209\">\n\t\t\t\t\t\t\t<img width=\"150\" height=\"150\" src=\"https:\/\/temp.dakira.se\/wp-content\/uploads\/2020\/12\/Foder-1-150x150.jpg\" class=\"attachment-thumbnail size-thumbnail\" alt=\"\" loading=\"lazy\" \/>\t\t\t\t\t\t\t\t<\/a>\n\t\t\t\t\t\t\t\t\t\t\t<figcaption class=\"widget-image-caption wp-caption-text\">Foder<\/figcaption>\n\t\t\t\t\t\t\t\t\t\t<\/figure>\n\t\t\t\t\t<\/div>\n\t\t\t\t<\/div>\n\t\t\t\t<\/div>\n\t\t\t\t\t\t<\/div>\n\t\t\t\t\t<\/div>\n\t\t<\/div>\n\t\t\t\t<div class=\"elementor-column elementor-col-25 elementor-inner-column elementor-element elementor-element-ef2bee2\" data-id=\"ef2bee2\" data-element_type=\"column\">\n\t\t\t<div class=\"elementor-column-wrap elementor-element-populated\">\n\t\t\t\t\t\t\t<div class=\"elementor-widget-wrap\">\n\t\t\t\t\t\t<div class=\"elementor-element elementor-element-d90368e elementor-widget elementor-widget-image\" data-id=\"d90368e\" data-element_type=\"widget\" data-widget_type=\"image.default\">\n\t\t\t\t<div class=\"elementor-widget-container\">\n\t\t\t\t\t<div class=\"elementor-image\">\n\t\t\t\t\t\t\t<figure class=\"wp-caption\">\n\t\t\t\t\t\t\t\t\t\t<img width=\"150\" height=\"150\" src=\"https:\/\/temp.dakira.se\/wp-content\/uploads\/2020\/12\/Ecocover-m-frizon-e1608120935882-150x150.jpg\" class=\"attachment-thumbnail size-thumbnail\" alt=\"\" loading=\"lazy\" \/>\t\t\t\t\t\t\t\t\t\t\t<figcaption class=\"widget-image-caption wp-caption-text\">Ecocover<\/figcaption>\n\t\t\t\t\t\t\t\t\t\t<\/figure>\n\t\t\t\t\t<\/div>\n\t\t\t\t<\/div>\n\t\t\t\t<\/div>\n\t\t\t\t\t\t<\/div>\n\t\t\t\t\t<\/div>\n\t\t<\/div>\n\t\t\t\t\t\t\t\t<\/div>\n\t\t\t\t\t<\/div>\n\t\t<\/section>\n\t\t\t\t\t\t<\/div>\n\t\t\t\t\t<\/div>\n\t\t<\/div>\n\t\t\t\t\t\t\t\t<\/div>\n\t\t\t\t\t<\/div>\n\t\t<\/section>\n\t\t\t\t<section class=\"elementor-section elementor-top-section elementor-element elementor-element-99d6b03 elementor-section-boxed elementor-section-height-default elementor-section-height-default\" data-id=\"99d6b03\" data-element_type=\"section\">\n\t\t\t\t\t\t<div class=\"elementor-container elementor-column-gap-default\">\n\t\t\t\t\t\t\t<div class=\"elementor-row\">\n\t\t\t\t\t<div class=\"elementor-column elementor-col-100 elementor-top-column elementor-element elementor-element-99479c5\" data-id=\"99479c5\" data-element_type=\"column\">\n\t\t\t<div class=\"elementor-column-wrap elementor-element-populated\">\n\t\t\t\t\t\t\t<div class=\"elementor-widget-wrap\">\n\t\t\t\t\t\t<div class=\"elementor-element elementor-element-addfdc7 elementor-widget elementor-widget-heading\" data-id=\"addfdc7\" data-element_type=\"widget\" data-widget_type=\"heading.default\">\n\t\t\t\t<div class=\"elementor-widget-container\">\n\t\t\t<h2 class=\"elementor-heading-title elementor-size-default\">Luslisten<\/h2>\t\t<\/div>\n\t\t\t\t<\/div>\n\t\t\t\t<div class=\"elementor-element elementor-element-fc54cff elementor-widget elementor-widget-text-editor\" data-id=\"fc54cff\" data-element_type=\"widget\" data-widget_type=\"text-editor.default\">\n\t\t\t\t<div class=\"elementor-widget-container\">\n\t\t\t\t\t<div class=\"elementor-text-editor elementor-clearfix\"><p>Luslisten\u00ae \u00e4r varum\u00e4rkesskyddat av Dakira och f\u00e5r endast anv\u00e4ndas av Dakira. Grundtanken med produkten \u00e4r att det skall vara en list som f\u00f6rebygger spridning av v\u00e4ggl\u00f6ss och andra skadedjur. Den finns f\u00f6r b\u00e5de nybyggnad och f\u00f6r befintliga boenden. Ett utm\u00e4rkt s\u00e4tt att skydda sitt boende mot o\u00f6nskade g\u00e4ster och \u00e4ven en trygghet f\u00f6r hyresg\u00e4sten att veta att fastighetsbolaget bryr sig om och g\u00f6r allt i sin makt f\u00f6r att f\u00f6rhindra spridning av de sm\u00e5 krypen.<\/p>\n<p>Om du inte har skyddet idag, kontakta oss eller ditt fastighetsbolag f\u00f6r en konsultation.<\/p><p>Hela f\u00f6retaget har numera g\u00e5tt en f\u00f6rdjupad diplomutbildning kring v\u00e4ggl\u00f6ss i allm\u00e4nhet och montagef\u00f6rfarande i synnerhet, detta f\u00f6r att p\u00e5 b\u00e4sta s\u00e4tt kunna bist\u00e5 med hj\u00e4lp och f\u00f6rst\u00e5else vid f\u00f6rebyggande&nbsp;<\/p><\/div>\n\t\t\t\t<\/div>\n\t\t\t\t<\/div>\n\t\t\t\t<div class=\"elementor-element elementor-element-55f47f3 elementor-widget elementor-widget-image\" data-id=\"55f47f3\" data-element_type=\"widget\" data-widget_type=\"image.default\">\n\t\t\t\t<div class=\"elementor-widget-container\">\n\t\t\t\t\t<div class=\"elementor-image\">\n\t\t\t\t\t\t\t\t\t\t<img width=\"778\" height=\"571\" src=\"https:\/\/temp.dakira.se\/wp-content\/uploads\/2020\/12\/Fakta-om-lo\u0308ss-e1607769290946.jpg\" class=\"attachment-large size-large\" alt=\"\" loading=\"lazy\" srcset=\"https:\/\/temp.dakira.se\/wp-content\/uploads\/2020\/12\/Fakta-om-lo\u0308ss-e1607769290946.jpg 778w, https:\/\/temp.dakira.se\/wp-content\/uploads\/2020\/12\/Fakta-om-lo\u0308ss-e1607769290946-300x220.jpg 300w, https:\/\/temp.dakira.se\/wp-content\/uploads\/2020\/12\/Fakta-om-lo\u0308ss-e1607769290946-768x564.jpg 768w, https:\/\/temp.dakira.se\/wp-content\/uploads\/2020\/12\/Fakta-om-lo\u0308ss-e1607769290946-230x169.jpg 230w, https:\/\/temp.dakira.se\/wp-content\/uploads\/2020\/12\/Fakta-om-lo\u0308ss-e1607769290946-350x257.jpg 350w, https:\/\/temp.dakira.se\/wp-content\/uploads\/2020\/12\/Fakta-om-lo\u0308ss-e1607769290946-480x352.jpg 480w\" sizes=\"(max-width: 778px) 100vw, 778px\" \/>\t\t\t\t\t\t\t\t\t\t\t<\/div>\n\t\t\t\t<\/div>\n\t\t\t\t<\/div>\n\t\t\t\t\t\t<\/div>\n\t\t\t\t\t<\/div>\n\t\t<\/div>\n\t\t\t\t\t\t\t\t<\/div>\n\t\t\t\t\t<\/div>\n\t\t<\/section>\n\t\t\t\t<section class=\"elementor-section elementor-top-section elementor-element elementor-element-4277c38 elementor-section-boxed elementor-section-height-default elementor-section-height-default\" data-id=\"4277c38\" data-element_type=\"section\">\n\t\t\t\t\t\t<div class=\"elementor-container elementor-column-gap-default\">\n\t\t\t\t\t\t\t<div class=\"elementor-row\">\n\t\t\t\t\t<div class=\"elementor-column elementor-col-100 elementor-top-column elementor-element elementor-element-40be1d0\" data-id=\"40be1d0\" data-element_type=\"column\">\n\t\t\t<div class=\"elementor-column-wrap\">\n\t\t\t\t\t\t\t<div class=\"elementor-widget-wrap\">\n\t\t\t\t\t\t\t\t<\/div>\n\t\t\t\t\t<\/div>\n\t\t<\/div>\n\t\t\t\t\t\t\t\t<\/div>\n\t\t\t\t\t<\/div>\n\t\t<\/section>\n\t\t\t\t<section class=\"elementor-section elementor-top-section elementor-element elementor-element-059ccac elementor-section-boxed elementor-section-height-default elementor-section-height-default\" data-id=\"059ccac\" data-element_type=\"section\">\n\t\t\t\t\t\t<div class=\"elementor-container elementor-column-gap-default\">\n\t\t\t\t\t\t\t<div class=\"elementor-row\">\n\t\t\t\t\t<div class=\"elementor-column elementor-col-100 elementor-top-column elementor-element elementor-element-11e1dfd\" data-id=\"11e1dfd\" data-element_type=\"column\">\n\t\t\t<div class=\"elementor-column-wrap elementor-element-populated\">\n\t\t\t\t\t\t\t<div class=\"elementor-widget-wrap\">\n\t\t\t\t\t\t<div class=\"elementor-element elementor-element-e1d163e elementor-widget elementor-widget-button\" data-id=\"e1d163e\" data-element_type=\"widget\" id=\"temp.dakira.se\" data-widget_type=\"button.default\">\n\t\t\t\t<div class=\"elementor-widget-container\">\n\t\t\t\t\t<div class=\"elementor-button-wrapper\">\n\t\t\t<a href=\"http:\/\/temp.dakira.se\/#\" class=\"elementor-button-link elementor-button elementor-size-sm\" role=\"button\">\n\t\t\t\t\t\t<span class=\"elementor-button-content-wrapper\">\n\t\t\t\t\t\t<span class=\"elementor-button-icon elementor-align-icon-left\">\n\t\t\t\t<i aria-hidden=\"true\" class=\"fas fa-home\"><\/i>\t\t\t<\/span>\n\t\t\t\t\t\t<span class=\"elementor-button-text\">Tillbaka<\/span>\n\t\t<\/span>\n\t\t\t\t\t<\/a>\n\t\t<\/div>\n\t\t\t\t<\/div>\n\t\t\t\t<\/div>\n\t\t\t\t\t\t<\/div>\n\t\t\t\t\t<\/div>\n\t\t<\/div>\n\t\t\t\t\t\t\t\t<\/div>\n\t\t\t\t\t<\/div>\n\t\t<\/section>\n\t\t\t\t\t\t<\/div>\n\t\t\t\t\t\t<\/div>\n\t\t\t\t\t<\/div>\n\t\t","protected":false},"excerpt":{"rendered":"<p>Lister Lister, k\u00f6k och badrum \u00e4r oftast det som syns, det \u00e4r v\u00e4ldigt s\u00e4llan en boende ser hur v\u00e4ggen \u00e4r uppbyggd, d\u00e4rf\u00f6r blir just detaljarbetet med listverk extra viktigt d\u00e5 det \u00e4r detaljerna som g\u00f6r helheten. Att vi dessutom monterar fler antal meter per arbetsdag med en h\u00f6gre noggrannhet blir b\u00e5de billigare och mer effektivt [&hellip;]<\/p>\n","protected":false},"author":1,"featured_media":0,"parent":0,"menu_order":0,"comment_status":"closed","ping_status":"closed","template":"elementor_header_footer","meta":[],"_links":{"self":[{"href":"https:\/\/temp.dakira.se\/index.php?rest_route=\/wp\/v2\/pages\/1209"}],"collection":[{"href":"https:\/\/temp.dakira.se\/index.php?rest_route=\/wp\/v2\/pages"}],"about":[{"href":"https:\/\/temp.dakira.se\/index.php?rest_route=\/wp\/v2\/types\/page"}],"author":[{"embeddable":true,"href":"https:\/\/temp.dakira.se\/index.php?rest_route=\/wp\/v2\/users\/1"}],"replies":[{"embeddable":true,"href":"https:\/\/temp.dakira.se\/index.php?rest_route=%2Fwp%2Fv2%2Fcomments&post=1209"}],"version-history":[{"count":53,"href":"https:\/\/temp.dakira.se\/index.php?rest_route=\/wp\/v2\/pages\/1209\/revisions"}],"predecessor-version":[{"id":2026,"href":"https:\/\/temp.dakira.se\/index.php?rest_route=\/wp\/v2\/pages\/1209\/revisions\/2026"}],"wp:attachment":[{"href":"https:\/\/temp.dakira.se\/index.php?rest_route=%2Fwp%2Fv2%2Fmedia&parent=1209"}],"curies":[{"name":"wp","href":"https:\/\/api.w.org\/{rel}","templated":true}]}}