{"id":1133,"date":"2020-12-12T07:45:26","date_gmt":"2020-12-12T07:45:26","guid":{"rendered":"https:\/\/temp.dakira.se\/?page_id=1133"},"modified":"2020-12-14T13:45:06","modified_gmt":"2020-12-14T13:45:06","slug":"ecocover","status":"publish","type":"page","link":"https:\/\/temp.dakira.se\/?page_id=1133","title":{"rendered":"Ecocover"},"content":{"rendered":"\t\t<div data-elementor-type=\"wp-page\" data-elementor-id=\"1133\" class=\"elementor elementor-1133\" data-elementor-settings=\"[]\">\n\t\t\t\t\t\t<div class=\"elementor-inner\">\n\t\t\t\t\t\t\t<div class=\"elementor-section-wrap\">\n\t\t\t\t\t\t\t<section class=\"elementor-section elementor-top-section elementor-element elementor-element-1e27292 elementor-section-boxed elementor-section-height-default elementor-section-height-default\" data-id=\"1e27292\" data-element_type=\"section\">\n\t\t\t\t\t\t<div class=\"elementor-container elementor-column-gap-default\">\n\t\t\t\t\t\t\t<div class=\"elementor-row\">\n\t\t\t\t\t<div class=\"elementor-column elementor-col-100 elementor-top-column elementor-element elementor-element-7a310b1\" data-id=\"7a310b1\" data-element_type=\"column\">\n\t\t\t<div class=\"elementor-column-wrap elementor-element-populated\">\n\t\t\t\t\t\t\t<div class=\"elementor-widget-wrap\">\n\t\t\t\t\t\t<div class=\"elementor-element elementor-element-3b3b171 elementor-widget elementor-widget-text-editor\" data-id=\"3b3b171\" data-element_type=\"widget\" id=\"#ecocover\" data-widget_type=\"text-editor.default\">\n\t\t\t\t<div class=\"elementor-widget-container\">\n\t\t\t\t\t<div class=\"elementor-text-editor elementor-clearfix\"><p><img loading=\"lazy\" class=\"alignnone wp-image-807 size-thumbnail\" src=\"https:\/\/temp.dakira.se\/wp-content\/uploads\/2020\/12\/Ecocover-logga-150x150.jpg\" alt=\"\" width=\"150\" height=\"150\" \/>Varf\u00f6r Ecocover?&#8230;&#8230;<\/p><\/div>\n\t\t\t\t<\/div>\n\t\t\t\t<\/div>\n\t\t\t\t\t\t<\/div>\n\t\t\t\t\t<\/div>\n\t\t<\/div>\n\t\t\t\t\t\t\t\t<\/div>\n\t\t\t\t\t<\/div>\n\t\t<\/section>\n\t\t\t\t<section class=\"elementor-section elementor-top-section elementor-element elementor-element-429d47d elementor-section-boxed elementor-section-height-default elementor-section-height-default\" data-id=\"429d47d\" data-element_type=\"section\">\n\t\t\t\t\t\t<div class=\"elementor-container elementor-column-gap-default\">\n\t\t\t\t\t\t\t<div class=\"elementor-row\">\n\t\t\t\t\t<div class=\"elementor-column elementor-col-100 elementor-top-column elementor-element elementor-element-a3b064f\" data-id=\"a3b064f\" data-element_type=\"column\">\n\t\t\t<div class=\"elementor-column-wrap elementor-element-populated\">\n\t\t\t\t\t\t\t<div class=\"elementor-widget-wrap\">\n\t\t\t\t\t\t<div class=\"elementor-element elementor-element-7cf8613 elementor-widget elementor-widget-text-editor\" data-id=\"7cf8613\" data-element_type=\"widget\" data-widget_type=\"text-editor.default\">\n\t\t\t\t<div class=\"elementor-widget-container\">\n\t\t\t\t\t<div class=\"elementor-text-editor elementor-clearfix\"><p>Ecocover ger stora besparingar, dels i ink\u00f6p av materialet, dels i logistiken att personal kastar det gamla materialet. Det \u00e4r l\u00e4tt att jobba med Ecocover och ger enorma f\u00f6rdelar f\u00f6r milj\u00f6n och ekonomin.<\/p><p>Ecocover \u00e4r en produkt inom cirkul\u00e4rt byggande som inneb\u00e4r att \u00e5terbruka och att \u00e5teranv\u00e4nda byggmaterial p\u00e5 byggprojekt.et<\/p><\/div>\n\t\t\t\t<\/div>\n\t\t\t\t<\/div>\n\t\t\t\t\t\t<\/div>\n\t\t\t\t\t<\/div>\n\t\t<\/div>\n\t\t\t\t\t\t\t\t<\/div>\n\t\t\t\t\t<\/div>\n\t\t<\/section>\n\t\t\t\t<section class=\"elementor-section elementor-top-section elementor-element elementor-element-b815d0e elementor-section-boxed elementor-section-height-default elementor-section-height-default\" data-id=\"b815d0e\" data-element_type=\"section\">\n\t\t\t\t\t\t<div class=\"elementor-container elementor-column-gap-default\">\n\t\t\t\t\t\t\t<div class=\"elementor-row\">\n\t\t\t\t\t<div class=\"elementor-column elementor-col-100 elementor-top-column elementor-element elementor-element-5ed80be\" data-id=\"5ed80be\" data-element_type=\"column\">\n\t\t\t<div class=\"elementor-column-wrap elementor-element-populated\">\n\t\t\t\t\t\t\t<div class=\"elementor-widget-wrap\">\n\t\t\t\t\t\t<div class=\"elementor-element elementor-element-fa96563 elementor-align-center elementor-widget elementor-widget-button\" data-id=\"fa96563\" data-element_type=\"widget\" data-widget_type=\"button.default\">\n\t\t\t\t<div class=\"elementor-widget-container\">\n\t\t\t\t\t<div class=\"elementor-button-wrapper\">\n\t\t\t<a href=\"http:\/\/temp.dakira.se\/#vara_tjanster\" class=\"elementor-button-link elementor-button elementor-size-sm\" role=\"button\">\n\t\t\t\t\t\t<span class=\"elementor-button-content-wrapper\">\n\t\t\t\t\t\t<span class=\"elementor-button-text\">Tillbaka<\/span>\n\t\t<\/span>\n\t\t\t\t\t<\/a>\n\t\t<\/div>\n\t\t\t\t<\/div>\n\t\t\t\t<\/div>\n\t\t\t\t\t\t<\/div>\n\t\t\t\t\t<\/div>\n\t\t<\/div>\n\t\t\t\t\t\t\t\t<\/div>\n\t\t\t\t\t<\/div>\n\t\t<\/section>\n\t\t\t\t\t\t<\/div>\n\t\t\t\t\t\t<\/div>\n\t\t\t\t\t<\/div>\n\t\t","protected":false},"excerpt":{"rendered":"<p>Varf\u00f6r Ecocover?&#8230;&#8230; Ecocover ger stora besparingar, dels i ink\u00f6p av materialet, dels i logistiken att personal kastar det gamla materialet. Det \u00e4r l\u00e4tt att jobba med Ecocover och ger enorma f\u00f6rdelar f\u00f6r milj\u00f6n och ekonomin. Ecocover \u00e4r en produkt inom cirkul\u00e4rt byggande som inneb\u00e4r att \u00e5terbruka och att \u00e5teranv\u00e4nda byggmaterial p\u00e5 byggprojekt.et Tillbaka<\/p>\n","protected":false},"author":1,"featured_media":0,"parent":0,"menu_order":0,"comment_status":"closed","ping_status":"closed","template":"elementor_canvas","meta":[],"_links":{"self":[{"href":"https:\/\/temp.dakira.se\/index.php?rest_route=\/wp\/v2\/pages\/1133"}],"collection":[{"href":"https:\/\/temp.dakira.se\/index.php?rest_route=\/wp\/v2\/pages"}],"about":[{"href":"https:\/\/temp.dakira.se\/index.php?rest_route=\/wp\/v2\/types\/page"}],"author":[{"embeddable":true,"href":"https:\/\/temp.dakira.se\/index.php?rest_route=\/wp\/v2\/users\/1"}],"replies":[{"embeddable":true,"href":"https:\/\/temp.dakira.se\/index.php?rest_route=%2Fwp%2Fv2%2Fcomments&post=1133"}],"version-history":[{"count":33,"href":"https:\/\/temp.dakira.se\/index.php?rest_route=\/wp\/v2\/pages\/1133\/revisions"}],"predecessor-version":[{"id":1613,"href":"https:\/\/temp.dakira.se\/index.php?rest_route=\/wp\/v2\/pages\/1133\/revisions\/1613"}],"wp:attachment":[{"href":"https:\/\/temp.dakira.se\/index.php?rest_route=%2Fwp%2Fv2%2Fmedia&parent=1133"}],"curies":[{"name":"wp","href":"https:\/\/api.w.org\/{rel}","templated":true}]}}